{"id":22,"date":"2023-08-23T15:48:34","date_gmt":"2023-08-23T21:48:34","guid":{"rendered":"http:\/\/webapp-wordpresssite01.azurewebsites.net\/?page_id=22"},"modified":"2023-09-05T11:51:22","modified_gmt":"2023-09-05T17:51:22","slug":"sobre-el-programa","status":"publish","type":"page","link":"https:\/\/prea.vivienda.gob.sv\/?page_id=22","title":{"rendered":"Sobre el programa"},"content":{"rendered":"\n<p>En El Salvador miles de familias habitan en zonas vulnerables por falta de oportunidades, producto de d\u00e9cadas de abandono y por la falta de pol\u00edticas p\u00fablicas a su favor.<\/p>\n\n\n\n<p>En esta gesti\u00f3n, se comenz\u00f3 a trabajar en lo urgente, es decir, con familias asentadas en el peligro (a orilla de r\u00edos, quebradas, taludes o c\u00e1rcavas) y albergadas en cada invierno. As\u00ed surgi\u00f3, por iniciativa del Presidente Nayib Bukele, el <strong>Programa de Reasentamientos<\/strong>, ejecutado por el Ministerio de Vivienda (MIVI) en coordinaci\u00f3n con las instituciones del Sistema de Vivienda.<\/p>\n\n\n\n<p>A trav\u00e9s de las diferentes modalidades de intervenci\u00f3n, se brinda una soluci\u00f3n habitacional adecuada e integral, procurando el arraigo, el tejido social, redes de apoyo y las mejores condiciones de vida de las familias; garantizando servicios urbanos y escrituras de propiedad.<\/p>\n\n\n\n<p>A la fecha el programa ejecuta 13 proyectos habitacionales integrales, adem\u00e1s de otros modelos de ayuda mediante contribuciones para su reubicaci\u00f3n, lo que ha permitido beneficiar a m\u00e1s de 1,000 familias, con una inversi\u00f3n de 34.6 millones&nbsp;de&nbsp;d\u00f3lares&nbsp;&nbsp;<\/p>\n\n\n\n<p>Adem\u00e1s, con la estrategia de seguridad del Plan Control Territorial y el R\u00e9gimen de Excepci\u00f3n, se ha logrado que muchas familias puedan elegir el lugar donde reasentarse, sin el temor a la delincuencia que en el pasado imperaba.<\/p>\n\n\n\n<p>Este programa brinda mayores alcances y estos se detallan a continuaci\u00f3n:<\/p>\n\n\n\n<ul class=\"wp-block-list\">\n<li>Dinamizaci\u00f3n de la econom\u00eda de las familias: estamos seguros que una vivienda adecuada es el trampol\u00edn para salir de la extrema pobreza.<\/li>\n\n\n\n<li>Tenencia legal: el 95% de las familias que atendemos no cuentan con escrituras de propiedad por estar en zonas que su uso no es habitacional, entregarles una vivienda y una escritura de propiedad se convierte en una garant\u00eda del patrimonio.<\/li>\n\n\n\n<li>Mejora la calidad de vida de las familias al pasar de lugares sin las m\u00ednimas condiciones para vivir, con innumerables factores considerados como amenazas, a espacios de calidad, propios y seguros.<\/li>\n\n\n\n<li>La ayuda mutua, consiste en el aporte que brindan los beneficiarios en horas de trabajo a su proyecto, este componente reduce la inversi\u00f3n en mano de obra, pero tambi\u00e9n fortalece la relaci\u00f3n de la comunidad y crea un sentido de pertenencia. Las mujeres retoman las tareas de construcci\u00f3n con entusiasmo y dedicaci\u00f3n. Estos proyectos son fruto de un esfuerzo colectivo trabajando de la mano, Gobierno central, municipal, las familias, cooperantes, etc.<\/li>\n\n\n\n<li>Fortalecimiento del arraigo, este programa es voluntario, cada familia elige donde habitar.<\/li>\n\n\n\n<li>Empoderamiento a la mujer, prioriz\u00e1ndola como titular de la vivienda y de la escritura de propiedad.<\/li>\n\n\n\n<li>Garant\u00eda para las nuevas generaciones: garantizamos que los hijos de estas familias crezcan en condiciones distintas, que experimenten la tranquilidad de tener un resguardo adecuado.<\/li>\n<\/ul>\n\n\n\n<div style=\"height:20px\" aria-hidden=\"true\" class=\"wp-block-spacer\"><\/div>\n\n\n\n<h2 class=\"wp-block-heading has-text-align-center\">Indicadores del programa<\/h2>\n\n\n\n<div class=\"wp-block-columns is-layout-flex wp-container-core-columns-is-layout-9d6595d7 wp-block-columns-is-layout-flex\">\n<div class=\"wp-block-column is-layout-flow wp-block-column-is-layout-flow\">\n<center>\n<i class=\"fa-solid fa-3x fa-building-circle-check\"><\/i>\n<h4 class=\"m-0 p-2\">Proyectos<\/h4>\n<h5 class=\"m-0 p-2\">16<\/h5>\n<\/center>\n<\/div>\n\n\n\n<div class=\"wp-block-column is-layout-flow wp-block-column-is-layout-flow\">\n<center>\n<i class=\"fa-solid fa-3x fa-house\"><\/i>\n<h4 class=\"m-0 p-2\">Viviendas<\/h4>\n<h5 class=\"m-0 p-2\">1199<\/h5>\n<\/center>\n<\/div>\n\n\n\n<div class=\"wp-block-column is-layout-flow wp-block-column-is-layout-flow\">\n<center>\n<i class=\"fa-solid fa-3x fa-hand-holding-dollar\"><\/i>\n<h4 class=\"m-0 p-2\">Inversi\u00f3n<\/h4>\n<h5 class=\"m-0 p-2\">$34.6 M<\/h5>\n<\/center>\n<\/div>\n\n\n\n<div class=\"wp-block-column is-layout-flow wp-block-column-is-layout-flow\">\n<center>\n<i class=\"fa-solid fa-3x fa-people-roof\"><\/i>\n<h4 class=\"m-0 p-2\">Familias<\/h4>\n<h5 class=\"m-0 p-2\">505<\/h5>\n<\/center>\n<\/div>\n<\/div>\n\n\n\n<div class=\"wp-block-columns is-layout-flex wp-container-core-columns-is-layout-9d6595d7 wp-block-columns-is-layout-flex\">\n<div class=\"wp-block-column is-layout-flow wp-block-column-is-layout-flow\">\n<center>\n<i class=\"fa-solid fa-3x fa-person-dress\"><\/i>\n<h4 class=\"m-0 p-2\">Mujeres<\/h4>\n<h5 class=\"m-0 p-2\">392<\/h5>\n<\/center>\n<\/div>\n\n\n\n<div class=\"wp-block-column is-layout-flow wp-block-column-is-layout-flow\">\n<center>\n<i class=\"fa-solid fa-3x fa-person\"><\/i>\n<h4 class=\"m-0 p-2\">Hombres<\/h4>\n<h5 class=\"m-0 p-2\">142<\/h5>\n<\/center>\n<\/div>\n\n\n\n<div class=\"wp-block-column is-layout-flow wp-block-column-is-layout-flow\">\n<center>\n<i class=\"fa-solid fa-3x fa-child-reaching\"><\/i>\n<h4 class=\"m-0 p-2\">Ni\u00f1os<\/h4>\n<h5 class=\"m-0 p-2\">271<\/h5>\n<\/center>\n<\/div>\n\n\n\n<div class=\"wp-block-column is-layout-flow wp-block-column-is-layout-flow\">\n<center>\n<i class=\"fa-solid fa-3x fa-children\"><\/i>\n<h4 class=\"m-0 p-2\">Jovenes<\/h4>\n<h5 class=\"m-0 p-2\">58<\/h5>\n<\/center>\n<\/div>\n<\/div>\n\n\n\n<div style=\"height:20px\" aria-hidden=\"true\" class=\"wp-block-spacer\"><\/div>\n\n\n\n<h2 class=\"wp-block-heading has-text-align-center\">Proyectos habitacionales<\/h2>\n\n\n\n<figure class=\"wp-block-table\"><table><thead><tr><th class=\"has-text-align-center\" data-align=\"center\">N\u00b0<\/th><th>PROYECTO HABITACIONAL<\/th><th class=\"has-text-align-center\" data-align=\"center\">No. Viviendas<\/th><th>Tipo<\/th><\/tr><\/thead><tbody><tr><td class=\"has-text-align-center\" data-align=\"center\">1<\/td><td>Proyecto Habitacional El Espino<\/td><td class=\"has-text-align-center\" data-align=\"center\">63<\/td><td>Apartamentos<\/td><\/tr><tr><td class=\"has-text-align-center\" data-align=\"center\">2<\/td><td>Proyecto Habitacional Los Cocodrilos<\/td><td class=\"has-text-align-center\" data-align=\"center\">89<\/td><td>Apartamentos<\/td><\/tr><tr><td class=\"has-text-align-center\" data-align=\"center\">3<\/td><td>Proyecto Habitacional Vista Al Lago<\/td><td class=\"has-text-align-center\" data-align=\"center\">54<\/td><td>Unifamiliar<\/td><\/tr><tr><td class=\"has-text-align-center\" data-align=\"center\">4<\/td><td>Proyecto Habitacional San Bartolome Perulapia<\/td><td class=\"has-text-align-center\" data-align=\"center\">14<\/td><td>Unifamiliar<\/td><\/tr><tr><td class=\"has-text-align-center\" data-align=\"center\">5<\/td><td>Proyecto Habitacional Cant\u00f3n San Juan de Dios, Juayua<\/td><td class=\"has-text-align-center\" data-align=\"center\">50<\/td><td>Unifamiliar<\/td><\/tr><tr><td class=\"has-text-align-center\" data-align=\"center\">6<\/td><td>Proyecto Habitacional Ciudad Marsella<\/td><td class=\"has-text-align-center\" data-align=\"center\">224<\/td><td>Unifamiliar<\/td><\/tr><tr><td class=\"has-text-align-center\" data-align=\"center\">7<\/td><td>Proyecto Habitaciional El Zonte, La Libertad<\/td><td class=\"has-text-align-center\" data-align=\"center\">100<\/td><td>Unifamiliar<\/td><\/tr><tr><td class=\"has-text-align-center\" data-align=\"center\">8<\/td><td>Proyecto Habitacional La Breta\u00f1a FASE 1<\/td><td class=\"has-text-align-center\" data-align=\"center\">98<\/td><td>Apartamentos<\/td><\/tr><tr><td class=\"has-text-align-center\" data-align=\"center\">9<\/td><td>Proyecto Habitacional Nicaragua<\/td><td class=\"has-text-align-center\" data-align=\"center\">60<\/td><td>Apartamentos<\/td><\/tr><tr><td class=\"has-text-align-center\" data-align=\"center\">10<\/td><td>Proyecto Habitacional Conacastes<\/td><td class=\"has-text-align-center\" data-align=\"center\">17<\/td><td>Unifamiliar<\/td><\/tr><tr><td class=\"has-text-align-center\" data-align=\"center\">11<\/td><td>Proyecto Habitacional 10 de Mayo<\/td><td class=\"has-text-align-center\" data-align=\"center\">40<\/td><td>Unifamiliar<\/td><\/tr><tr><td class=\"has-text-align-center\" data-align=\"center\">12<\/td><td>Proyecto Habitacional Ichanmiche, Zacatecoluca<\/td><td class=\"has-text-align-center\" data-align=\"center\">38<\/td><td>Unifamiliar<\/td><\/tr><tr><td class=\"has-text-align-center\" data-align=\"center\">13<\/td><td>Proyecto Habitacional San Vicente, San Vicente<\/td><td class=\"has-text-align-center\" data-align=\"center\">100<\/td><td>Unifamiliar<\/td><\/tr><tr><td class=\"has-text-align-center\" data-align=\"center\">14<\/td><td>Acajutla. Tren del Pacifico &#8211; Modalidad contribuci\u00f3n<\/td><td class=\"has-text-align-center\" data-align=\"center\">52<\/td><td>Unifamiliar<\/td><\/tr><tr><td class=\"has-text-align-center\" data-align=\"center\">15<\/td><td>Reasentamientos Viales &#8211; Modalidad contribuci\u00f3n<\/td><td class=\"has-text-align-center\" data-align=\"center\">58<\/td><td>Unifamiliar<\/td><\/tr><tr><td class=\"has-text-align-center\" data-align=\"center\">16<\/td><td>Reasentamientos Exalbergados &#8211; Modalidad contribuci\u00f3n<\/td><td class=\"has-text-align-center\" data-align=\"center\">142<\/td><td>Unifamiliar<\/td><\/tr><tr><td class=\"has-text-align-center\" data-align=\"center\"><\/td><td><strong>TOTAL<\/strong><\/td><td class=\"has-text-align-center\" data-align=\"center\"><strong>1199<\/strong><\/td><td><\/td><\/tr><\/tbody><\/table><\/figure>\n\n\n\n<div style=\"height:50px\" aria-hidden=\"true\" class=\"wp-block-spacer\"><\/div>\n","protected":false},"excerpt":{"rendered":"<div class=\"parrafos-blancos-letranegra\"><p>En El Salvador miles de familias habitan en zonas vulnerables por falta de oportunidades, producto de d\u00e9cadas de abandono y por la falta de pol\u00edticas p\u00fablicas a su favor. En esta gesti\u00f3n, se comenz\u00f3 a trabajar en lo urgente, es decir, con familias asentadas en el peligro (a orilla de r\u00edos, quebradas, taludes o c\u00e1rcavas) [&hellip;]<\/p>\n<\/div>","protected":false},"author":1,"featured_media":0,"parent":0,"menu_order":0,"comment_status":"closed","ping_status":"closed","template":"","meta":{"footnotes":""},"class_list":["post-22","page","type-page","status-publish","hentry"],"_links":{"self":[{"href":"https:\/\/prea.vivienda.gob.sv\/index.php?rest_route=\/wp\/v2\/pages\/22","targetHints":{"allow":["GET"]}}],"collection":[{"href":"https:\/\/prea.vivienda.gob.sv\/index.php?rest_route=\/wp\/v2\/pages"}],"about":[{"href":"https:\/\/prea.vivienda.gob.sv\/index.php?rest_route=\/wp\/v2\/types\/page"}],"author":[{"embeddable":true,"href":"https:\/\/prea.vivienda.gob.sv\/index.php?rest_route=\/wp\/v2\/users\/1"}],"replies":[{"embeddable":true,"href":"https:\/\/prea.vivienda.gob.sv\/index.php?rest_route=%2Fwp%2Fv2%2Fcomments&post=22"}],"version-history":[{"count":36,"href":"https:\/\/prea.vivienda.gob.sv\/index.php?rest_route=\/wp\/v2\/pages\/22\/revisions"}],"predecessor-version":[{"id":570,"href":"https:\/\/prea.vivienda.gob.sv\/index.php?rest_route=\/wp\/v2\/pages\/22\/revisions\/570"}],"wp:attachment":[{"href":"https:\/\/prea.vivienda.gob.sv\/index.php?rest_route=%2Fwp%2Fv2%2Fmedia&parent=22"}],"curies":[{"name":"wp","href":"https:\/\/api.w.org\/{rel}","templated":true}]}}