{"id":149,"date":"2023-08-29T09:57:09","date_gmt":"2023-08-29T15:57:09","guid":{"rendered":"http:\/\/webapp-wordpresssite01.azurewebsites.net\/?page_id=149"},"modified":"2023-09-05T10:14:27","modified_gmt":"2023-09-05T16:14:27","slug":"proyecto-habitacional-vista-al-lago","status":"publish","type":"page","link":"https:\/\/prea.vivienda.gob.sv\/?page_id=149","title":{"rendered":"Proyecto Habitacional Vista al Lago"},"content":{"rendered":"\n<div class=\"wp-block-columns is-layout-flex wp-container-core-columns-is-layout-9d6595d7 wp-block-columns-is-layout-flex\">\n<div class=\"wp-block-column is-layout-flow wp-block-column-is-layout-flow\">\n<figure class=\"wp-block-image size-large\"><img loading=\"lazy\" decoding=\"async\" width=\"1024\" height=\"1024\" src=\"http:\/\/webapp-wordpresssite01.azurewebsites.net\/wp-content\/uploads\/2023\/08\/Proceso-del-proyecto-Vista-Lago_Mesa-de-trabajo-1-2-1024x1024.jpg\" alt=\"\" class=\"wp-image-527\" srcset=\"https:\/\/prea.vivienda.gob.sv\/wp-content\/uploads\/2023\/08\/Proceso-del-proyecto-Vista-Lago_Mesa-de-trabajo-1-2-1024x1024.jpg 1024w, https:\/\/prea.vivienda.gob.sv\/wp-content\/uploads\/2023\/08\/Proceso-del-proyecto-Vista-Lago_Mesa-de-trabajo-1-2-300x300.jpg 300w, https:\/\/prea.vivienda.gob.sv\/wp-content\/uploads\/2023\/08\/Proceso-del-proyecto-Vista-Lago_Mesa-de-trabajo-1-2-150x150.jpg 150w, https:\/\/prea.vivienda.gob.sv\/wp-content\/uploads\/2023\/08\/Proceso-del-proyecto-Vista-Lago_Mesa-de-trabajo-1-2-768x768.jpg 768w, https:\/\/prea.vivienda.gob.sv\/wp-content\/uploads\/2023\/08\/Proceso-del-proyecto-Vista-Lago_Mesa-de-trabajo-1-2-1536x1536.jpg 1536w, https:\/\/prea.vivienda.gob.sv\/wp-content\/uploads\/2023\/08\/Proceso-del-proyecto-Vista-Lago_Mesa-de-trabajo-1-2-2048x2048.jpg 2048w\" sizes=\"auto, (max-width: 1024px) 100vw, 1024px\" \/><\/figure>\n<\/div>\n\n\n\n<div class=\"wp-block-column is-layout-flow wp-block-column-is-layout-flow\">\n<h4 class=\"wp-block-heading has-text-align-center mt-0 pt-0 mb-5\">Beneficiados<\/h4>\n\n\n\n<div class=\"wp-block-columns is-layout-flex wp-container-core-columns-is-layout-9d6595d7 wp-block-columns-is-layout-flex\">\n<div class=\"wp-block-column is-layout-flow wp-block-column-is-layout-flow\">\n<center>\n    <i class=\"fa-solid fa-2x fa-people-roof\"><\/i>\n    <h5 class=\"m-0 p-2\">Familias<\/h5>\n    <h5 class=\"m-0 p-2\">54<\/h5>\n<\/center>\n<\/div>\n\n\n\n<div class=\"wp-block-column is-layout-flow wp-block-column-is-layout-flow\">\n<center>\n    <i class=\"fa-solid fa-2x fa-person-dress\"><\/i>\n    <h5 class=\"m-0 p-2\">Mujeres<\/h5>\n    <h5 class=\"m-0 p-2\">32<\/h5>\n<\/center>\n<\/div>\n\n\n\n<div class=\"wp-block-column is-layout-flow wp-block-column-is-layout-flow\">\n<center>\n    <i class=\"fa-solid fa-2x fa-person\"><\/i>\n    <h5 class=\"m-0 p-2\">Hombres<\/h5>\n    <h5 class=\"m-0 p-2\">11<\/h5>\n<\/center>\n<\/div>\n\n\n\n<div class=\"wp-block-column is-layout-flow wp-block-column-is-layout-flow\">\n<center>\n    <i class=\"fa-solid fa-2x fa-child-reaching\"><\/i>\n    <h5 class=\"m-0 p-2\">Ni\u00f1os<\/h5>\n    <h5 class=\"m-0 p-2\">24<\/h5>\n<\/center>\n<\/div>\n\n\n\n<div class=\"wp-block-column is-layout-flow wp-block-column-is-layout-flow\">\n<center>\n    <i class=\"fa-solid fa-2x fa-children\"><\/i>\n    <h5 class=\"m-0 p-2\">Jovenes<\/h5>\n    <h5 class=\"m-0 p-2\">6<\/h5>\n<\/center>\n<\/div>\n<\/div>\n\n\n\n<h4 class=\"wp-block-heading has-text-align-center mt-5\">Descripci\u00f3n<\/h4>\n\n\n\n<p>En su primera fase consta de 54 viviendas unifamiliares terminadas, como parte de la segunda fase se construyen 20 y para la tercera fase se tienen proyectadas otras 20, haciendo un total de 94 viviendas; para la ejecuci\u00f3n de la primera fase el Sistema de Vivienda invirti\u00f3 $2.45 millones. Las familias beneficiadas pertenecen a la Comunidad Rafael A, Guti\u00e9rrez, esta comunidad estaba asentada a la orilla de una quebrada en Ilopango, incrementado cada a\u00f1o el riesgo de desbordamiento de las viviendas en esta zona, muchas de ellas declaradas ya como inhabitables debido a que no hay suelo estable. Este proyecto, es un claro ejemplo del impacto de las acciones en el tema de seguridad, la colonia Vista al Lago durante a\u00f1os fue territorio de pandillas, en el lugar asesinaron a decenas de salvadore\u00f1os, en esta zona se dificulta el ingreso de personas particulares. Ahora el lugar recobr\u00f3 su tranquilidad y el Gobierno est\u00e1 invirtiendo en este proyecto que dinamiza la econom\u00eda local.\u00a0<\/p>\n<\/div>\n<\/div>\n\n\n\n<h2 class=\"wp-block-heading has-text-align-center\">Fotogaler\u00eda<\/h2>\n\n\n<style type=\"text\/css\" scoped>.rbs_gallery_69d0603366f32Spinner{\r\n\t\t\t\tmargin: 50px auto;\r\n\t\t\t\twidth: 50px;\r\n\t\t\t\theight: 40px;\r\n\t\t\t\ttext-align: center;\r\n\t\t\t\tfont-size: 10px;\r\n\t\t\t}\r\n\t\t\t.rbs_gallery_69d0603366f32Spinner > div{\r\n\t\t\t  background-color: #333;\r\n\t\t\t  height: 100%;\r\n\t\t\t  width: 6px;\r\n\t\t\t  display: inline-block;\r\n\t\t\t  -webkit-animation: rbs_gallery_69d0603366f32-stretchdelay 1.2s infinite ease-in-out;\r\n\t\t\t  animation: rbs_gallery_69d0603366f32-stretchdelay 1.2s infinite ease-in-out;\r\n\t\t\t}\r\n\t\t\t.rbs_gallery_69d0603366f32Spinner .rbs_gallery_69d0603366f32Rect2 {\r\n\t\t\t  -webkit-animation-delay: -1.1s;\r\n\t\t\t  animation-delay: -1.1s;\r\n\t\t\t}\r\n\t\t\t.rbs_gallery_69d0603366f32Spinner .rbs_gallery_69d0603366f32Rect3 {\r\n\t\t\t  -webkit-animation-delay: -1.0s;\r\n\t\t\t  animation-delay: -1.0s;\r\n\t\t\t}\r\n\t\t\t.rbs_gallery_69d0603366f32Spinner .rbs_gallery_69d0603366f32Rect4 {\r\n\t\t\t  -webkit-animation-delay: -0.9s;\r\n\t\t\t  animation-delay: -0.9s;\r\n\t\t\t}\r\n\t\t\t.rbs_gallery_69d0603366f32Spinner .rbs_gallery_69d0603366f32Rect5 {\r\n\t\t\t  -webkit-animation-delay: -0.8s;\r\n\t\t\t  animation-delay: -0.8s;\r\n\t\t\t}\r\n\t\t\t@-webkit-keyframes rbs_gallery_69d0603366f32-stretchdelay {\r\n\t\t\t  0%, 40%, 100% { -webkit-transform: scaleY(0.4) }  \r\n\t\t\t  20% { -webkit-transform: scaleY(1.0) }\r\n\t\t\t}\r\n\t\t\t@keyframes rbs_gallery_69d0603366f32-stretchdelay {\r\n\t\t\t  0%, 40%, 100% { \r\n\t\t\t    transform: scaleY(0.4);\r\n\t\t\t    -webkit-transform: scaleY(0.4);\r\n\t\t\t  }  20% { \r\n\t\t\t    transform: scaleY(1.0);\r\n\t\t\t    -webkit-transform: scaleY(1.0);\r\n\t\t\t  }\r\n\t\t\t}\r\n\t\t.rbs_gallery_button {\r\ndisplay: none;\r\n}<\/style><div class=\"robo-gallery-wrap robo-gallery-wrap-id283 robo-gallery-grid\" ><div id=\"rbs_gallery_69d0603366f32-block-loader\" class=\"rbs_gallery_69d0603366f32Spinner\"><div class=\"rbs_gallery_69d0603366f32Rect1\"><\/div> <div class=\"rbs_gallery_69d0603366f32Rect2\"><\/div> <div class=\"rbs_gallery_69d0603366f32Rect3\"><\/div> <div class=\"rbs_gallery_69d0603366f32Rect4\"><\/div> <div class=\"rbs_gallery_69d0603366f32Rect5\"><\/div><\/div><div id=\"robo_gallery_main_block_rbs_gallery_69d0603366f32\" class=\"robogallery-gallery-283\" style=\"width:100%;margin:0 auto;  display: none;\"><div id=\"rbs_gallery_69d0603366f32\" data-options=\"rbs_gallery_69d0603366f32\" style=\"width:100%;\" class=\"robo_gallery  \"><div class=\"rbs-img  category283 \" ><div class=\"rbs-img-image   rbs-lightbox \" ><div class=\"rbs-img-thumbs\"  data-thumbnail=\"https:\/\/prea.vivienda.gob.sv\/wp-content\/uploads\/2023\/08\/Proceso-del-proyecto-Vista-Lago_Mesa-de-trabajo-1-1.jpg\"  title=\"Proceso del proyecto Vista Lago_Mesa de trabajo 1\"  data-width=\"211\"  data-height=\"125\" ><\/div><div class=\"rbs-img-data-popup\"  data-popup=\"https:\/\/prea.vivienda.gob.sv\/wp-content\/uploads\/2023\/08\/Proceso-del-proyecto-Vista-Lago_Mesa-de-trabajo-1-1.jpg\"  title=\"Proceso del proyecto Vista Lago_Mesa de trabajo 1\" ><\/div><div class=\"thumbnail-overlay\"><div class=\"rbsIcons\"><i class=\"fa fa-search-plus rbsZoomIcon \" ><\/i><\/div><\/div><\/div><\/div><div class=\"rbs-img  category283 \" ><div class=\"rbs-img-image   rbs-lightbox \" ><div class=\"rbs-img-thumbs\"  data-thumbnail=\"https:\/\/prea.vivienda.gob.sv\/wp-content\/uploads\/2023\/08\/Proceso-del-proyecto-Vista-Lago-02-1.jpg\"  title=\"Proceso del proyecto Vista Lago-02\"  data-width=\"211\"  data-height=\"125\" ><\/div><div class=\"rbs-img-data-popup\"  data-popup=\"https:\/\/prea.vivienda.gob.sv\/wp-content\/uploads\/2023\/08\/Proceso-del-proyecto-Vista-Lago-02-1.jpg\"  title=\"Proceso del proyecto Vista Lago-02\" ><\/div><div class=\"thumbnail-overlay\"><div class=\"rbsIcons\"><i class=\"fa fa-search-plus rbsZoomIcon \" ><\/i><\/div><\/div><\/div><\/div><div class=\"rbs-img  category283 \" ><div class=\"rbs-img-image   rbs-lightbox \" ><div class=\"rbs-img-thumbs\"  data-thumbnail=\"https:\/\/prea.vivienda.gob.sv\/wp-content\/uploads\/2023\/08\/Proceso-del-proyecto-Vista-Lago-03-1.jpg\"  title=\"Proceso del proyecto Vista Lago-03\"  data-width=\"211\"  data-height=\"125\" ><\/div><div class=\"rbs-img-data-popup\"  data-popup=\"https:\/\/prea.vivienda.gob.sv\/wp-content\/uploads\/2023\/08\/Proceso-del-proyecto-Vista-Lago-03-1.jpg\"  title=\"Proceso del proyecto Vista Lago-03\" ><\/div><div class=\"thumbnail-overlay\"><div class=\"rbsIcons\"><i class=\"fa fa-search-plus rbsZoomIcon \" ><\/i><\/div><\/div><\/div><\/div><div class=\"rbs-img  category283 \" ><div class=\"rbs-img-image   rbs-lightbox \" ><div class=\"rbs-img-thumbs\"  data-thumbnail=\"https:\/\/prea.vivienda.gob.sv\/wp-content\/uploads\/2023\/08\/Proceso-del-proyecto-Vista-Lago-04-1.jpg\"  title=\"Proceso del proyecto Vista Lago-04\"  data-width=\"211\"  data-height=\"125\" ><\/div><div class=\"rbs-img-data-popup\"  data-popup=\"https:\/\/prea.vivienda.gob.sv\/wp-content\/uploads\/2023\/08\/Proceso-del-proyecto-Vista-Lago-04-1.jpg\"  title=\"Proceso del proyecto Vista Lago-04\" ><\/div><div class=\"thumbnail-overlay\"><div class=\"rbsIcons\"><i class=\"fa fa-search-plus rbsZoomIcon \" ><\/i><\/div><\/div><\/div><\/div><div class=\"rbs-img  category283 \" ><div class=\"rbs-img-image   rbs-lightbox \" ><div class=\"rbs-img-thumbs\"  data-thumbnail=\"https:\/\/prea.vivienda.gob.sv\/wp-content\/uploads\/2023\/08\/Proceso-del-proyecto-Vista-Lago-05-1.jpg\"  title=\"Proceso del proyecto Vista Lago-05\"  data-width=\"211\"  data-height=\"125\" ><\/div><div class=\"rbs-img-data-popup\"  data-popup=\"https:\/\/prea.vivienda.gob.sv\/wp-content\/uploads\/2023\/08\/Proceso-del-proyecto-Vista-Lago-05-1.jpg\"  title=\"Proceso del proyecto Vista Lago-05\" ><\/div><div class=\"thumbnail-overlay\"><div class=\"rbsIcons\"><i class=\"fa fa-search-plus rbsZoomIcon \" ><\/i><\/div><\/div><\/div><\/div><div class=\"rbs-img  category283 \" ><div class=\"rbs-img-image   rbs-lightbox \" ><div class=\"rbs-img-thumbs\"  data-thumbnail=\"https:\/\/prea.vivienda.gob.sv\/wp-content\/uploads\/2023\/08\/Proceso-del-proyecto-Vista-Lago-06-1.jpg\"  title=\"Proceso del proyecto Vista Lago-06\"  data-width=\"211\"  data-height=\"125\" ><\/div><div class=\"rbs-img-data-popup\"  data-popup=\"https:\/\/prea.vivienda.gob.sv\/wp-content\/uploads\/2023\/08\/Proceso-del-proyecto-Vista-Lago-06-1.jpg\"  title=\"Proceso del proyecto Vista Lago-06\" ><\/div><div class=\"thumbnail-overlay\"><div class=\"rbsIcons\"><i class=\"fa fa-search-plus rbsZoomIcon \" ><\/i><\/div><\/div><\/div><\/div><div class=\"rbs-img  category283 \" ><div class=\"rbs-img-image   rbs-lightbox \" ><div class=\"rbs-img-thumbs\"  data-thumbnail=\"https:\/\/prea.vivienda.gob.sv\/wp-content\/uploads\/2023\/08\/Proceso-del-proyecto-Vista-Lago-07-1.jpg\"  title=\"Proceso del proyecto Vista Lago-07\"  data-width=\"211\"  data-height=\"125\" ><\/div><div class=\"rbs-img-data-popup\"  data-popup=\"https:\/\/prea.vivienda.gob.sv\/wp-content\/uploads\/2023\/08\/Proceso-del-proyecto-Vista-Lago-07-1.jpg\"  title=\"Proceso del proyecto Vista Lago-07\" ><\/div><div class=\"thumbnail-overlay\"><div class=\"rbsIcons\"><i class=\"fa fa-search-plus rbsZoomIcon \" ><\/i><\/div><\/div><\/div><\/div><div class=\"rbs-img  category283 \" ><div class=\"rbs-img-image   rbs-lightbox \" ><div class=\"rbs-img-thumbs\"  data-thumbnail=\"https:\/\/prea.vivienda.gob.sv\/wp-content\/uploads\/2023\/08\/Proceso-del-proyecto-Vista-Lago-08-1.jpg\"  title=\"Proceso del proyecto Vista Lago-08\"  data-width=\"211\"  data-height=\"125\" ><\/div><div class=\"rbs-img-data-popup\"  data-popup=\"https:\/\/prea.vivienda.gob.sv\/wp-content\/uploads\/2023\/08\/Proceso-del-proyecto-Vista-Lago-08-1.jpg\"  title=\"Proceso del proyecto Vista Lago-08\" ><\/div><div class=\"thumbnail-overlay\"><div class=\"rbsIcons\"><i class=\"fa fa-search-plus rbsZoomIcon \" ><\/i><\/div><\/div><\/div><\/div><div class=\"rbs-img  category283 \" ><div class=\"rbs-img-image   rbs-lightbox \" ><div class=\"rbs-img-thumbs\"  data-thumbnail=\"https:\/\/prea.vivienda.gob.sv\/wp-content\/uploads\/2023\/08\/Proceso-del-proyecto-Vista-Lago-09-1.jpg\"  title=\"Proceso del proyecto Vista Lago-09\"  data-width=\"211\"  data-height=\"125\" ><\/div><div class=\"rbs-img-data-popup\"  data-popup=\"https:\/\/prea.vivienda.gob.sv\/wp-content\/uploads\/2023\/08\/Proceso-del-proyecto-Vista-Lago-09-1.jpg\"  title=\"Proceso del proyecto Vista Lago-09\" ><\/div><div class=\"thumbnail-overlay\"><div class=\"rbsIcons\"><i class=\"fa fa-search-plus rbsZoomIcon \" ><\/i><\/div><\/div><\/div><\/div><div class=\"rbs-img  category283 \" ><div class=\"rbs-img-image   rbs-lightbox \" ><div class=\"rbs-img-thumbs\"  data-thumbnail=\"https:\/\/prea.vivienda.gob.sv\/wp-content\/uploads\/2023\/08\/Proceso-del-proyecto-Vista-Lago-10-1.jpg\"  title=\"Proceso del proyecto Vista Lago-10\"  data-width=\"211\"  data-height=\"125\" ><\/div><div class=\"rbs-img-data-popup\"  data-popup=\"https:\/\/prea.vivienda.gob.sv\/wp-content\/uploads\/2023\/08\/Proceso-del-proyecto-Vista-Lago-10-1.jpg\"  title=\"Proceso del proyecto Vista Lago-10\" ><\/div><div class=\"thumbnail-overlay\"><div class=\"rbsIcons\"><i class=\"fa fa-search-plus rbsZoomIcon \" ><\/i><\/div><\/div><\/div><\/div><\/div><\/div><\/div><script>var rbs_gallery_69d0603366f32 = {\"version\":\"3.2.16\",\"id\":283,\"class\":\"id283\",\"roboGalleryDelay\":1000,\"mainContainer\":\"#robo_gallery_main_block_rbs_gallery_69d0603366f32\",\"loadingContainer\":\"#rbs_gallery_69d0603366f32-block-loader\",\"loadingContainerObj\":\"rbs_gallery_69d0603366f32-block-loader\",\"columnWidth\":\"auto\",\"columns\":3,\"resolutions\":[{\"columnWidth\":\"auto\",\"columns\":3,\"maxWidth\":960},{\"columnWidth\":\"auto\",\"columns\":2,\"maxWidth\":650},{\"columnWidth\":\"auto\",\"columns\":1,\"maxWidth\":450}],\"hideTitle\":true,\"lightboxOptions\":{\"gallery\":{\"enabled\":true,\"tCounter\":\"%curr% of %total%\"}},\"overlayEffect\":\"direction-aware-fade\",\"boxesToLoadStart\":3,\"boxesToLoad\":8,\"LoadingWord\":\"Loading...\",\"loadMoreWord\":\"Load More\",\"noMoreEntriesWord\":\"No More Entries\",\"horizontalSpaceBetweenBoxes\":15,\"verticalSpaceBetweenBoxes\":15,\"lazyLoad\":0,\"wrapContainer\":\"#robo-gallery-wrap-rbs_gallery_69d0603366f32\"};<\/script>\n","protected":false},"excerpt":{"rendered":"<div class=\"parrafos-blancos-letranegra\"><p>Beneficiados Familias 54 Mujeres 32 Hombres 11 Ni\u00f1os 24 Jovenes 6 Descripci\u00f3n En su primera fase consta de 54 viviendas unifamiliares terminadas, como parte de la segunda fase se construyen 20 y para la tercera fase se tienen proyectadas otras 20, haciendo un total de 94 viviendas; para la ejecuci\u00f3n de la primera fase el [&hellip;]<\/p>\n<\/div>","protected":false},"author":1,"featured_media":0,"parent":0,"menu_order":0,"comment_status":"closed","ping_status":"closed","template":"","meta":{"footnotes":""},"class_list":["post-149","page","type-page","status-publish","hentry"],"_links":{"self":[{"href":"https:\/\/prea.vivienda.gob.sv\/index.php?rest_route=\/wp\/v2\/pages\/149","targetHints":{"allow":["GET"]}}],"collection":[{"href":"https:\/\/prea.vivienda.gob.sv\/index.php?rest_route=\/wp\/v2\/pages"}],"about":[{"href":"https:\/\/prea.vivienda.gob.sv\/index.php?rest_route=\/wp\/v2\/types\/page"}],"author":[{"embeddable":true,"href":"https:\/\/prea.vivienda.gob.sv\/index.php?rest_route=\/wp\/v2\/users\/1"}],"replies":[{"embeddable":true,"href":"https:\/\/prea.vivienda.gob.sv\/index.php?rest_route=%2Fwp%2Fv2%2Fcomments&post=149"}],"version-history":[{"count":23,"href":"https:\/\/prea.vivienda.gob.sv\/index.php?rest_route=\/wp\/v2\/pages\/149\/revisions"}],"predecessor-version":[{"id":561,"href":"https:\/\/prea.vivienda.gob.sv\/index.php?rest_route=\/wp\/v2\/pages\/149\/revisions\/561"}],"wp:attachment":[{"href":"https:\/\/prea.vivienda.gob.sv\/index.php?rest_route=%2Fwp%2Fv2%2Fmedia&parent=149"}],"curies":[{"name":"wp","href":"https:\/\/api.w.org\/{rel}","templated":true}]}}