{"id":146,"date":"2023-08-29T09:52:28","date_gmt":"2023-08-29T15:52:28","guid":{"rendered":"http:\/\/webapp-wordpresssite01.azurewebsites.net\/?page_id=146"},"modified":"2023-09-05T10:11:57","modified_gmt":"2023-09-05T16:11:57","slug":"proyecto-habitacional-los-cocodrilos","status":"publish","type":"page","link":"https:\/\/prea.vivienda.gob.sv\/?page_id=146","title":{"rendered":"Proyecto Habitacional Los Cocodrilos"},"content":{"rendered":"\n<div class=\"wp-block-columns is-layout-flex wp-container-core-columns-is-layout-9d6595d7 wp-block-columns-is-layout-flex\">\n<div class=\"wp-block-column is-layout-flow wp-block-column-is-layout-flow\">\n<figure class=\"wp-block-image size-large\"><img loading=\"lazy\" decoding=\"async\" width=\"1024\" height=\"1024\" src=\"http:\/\/webapp-wordpresssite01.azurewebsites.net\/wp-content\/uploads\/2023\/08\/fotos-cocodrilos-15-2-1024x1024.jpg\" alt=\"\" class=\"wp-image-529\" srcset=\"https:\/\/prea.vivienda.gob.sv\/wp-content\/uploads\/2023\/08\/fotos-cocodrilos-15-2-1024x1024.jpg 1024w, https:\/\/prea.vivienda.gob.sv\/wp-content\/uploads\/2023\/08\/fotos-cocodrilos-15-2-300x300.jpg 300w, https:\/\/prea.vivienda.gob.sv\/wp-content\/uploads\/2023\/08\/fotos-cocodrilos-15-2-150x150.jpg 150w, https:\/\/prea.vivienda.gob.sv\/wp-content\/uploads\/2023\/08\/fotos-cocodrilos-15-2-768x768.jpg 768w, https:\/\/prea.vivienda.gob.sv\/wp-content\/uploads\/2023\/08\/fotos-cocodrilos-15-2-1536x1536.jpg 1536w, https:\/\/prea.vivienda.gob.sv\/wp-content\/uploads\/2023\/08\/fotos-cocodrilos-15-2-2048x2048.jpg 2048w\" sizes=\"auto, (max-width: 1024px) 100vw, 1024px\" \/><\/figure>\n<\/div>\n\n\n\n<div class=\"wp-block-column is-layout-flow wp-block-column-is-layout-flow\">\n<h4 class=\"wp-block-heading has-text-align-center mt-0 pt-0 mb-5\">Beneficiados<\/h4>\n\n\n\n<div class=\"wp-block-columns is-layout-flex wp-container-core-columns-is-layout-9d6595d7 wp-block-columns-is-layout-flex\">\n<div class=\"wp-block-column is-layout-flow wp-block-column-is-layout-flow\">\n<center>\n    <i class=\"fa-solid fa-2x fa-people-roof\"><\/i>\n    <h5 class=\"m-0 p-2\">Familias<\/h5>\n    <h5 class=\"m-0 p-2\">89<\/h5>\n<\/center>\n<\/div>\n\n\n\n<div class=\"wp-block-column is-layout-flow wp-block-column-is-layout-flow\">\n<center>\n    <i class=\"fa-solid fa-2x fa-person-dress\"><\/i>\n    <h5 class=\"m-0 p-2\">Mujeres<\/h5>\n    <h5 class=\"m-0 p-2\">37<\/h5>\n<\/center>\n<\/div>\n\n\n\n<div class=\"wp-block-column is-layout-flow wp-block-column-is-layout-flow\">\n<center>\n    <i class=\"fa-solid fa-2x fa-person\"><\/i>\n    <h5 class=\"m-0 p-2\">Hombres<\/h5>\n    <h5 class=\"m-0 p-2\">15<\/h5>\n<\/center>\n<\/div>\n\n\n\n<div class=\"wp-block-column is-layout-flow wp-block-column-is-layout-flow\">\n<center>\n    <i class=\"fa-solid fa-2x fa-child-reaching\"><\/i>\n    <h5 class=\"m-0 p-2\">Ni\u00f1os<\/h5>\n    <h5 class=\"m-0 p-2\">46<\/h5>\n<\/center>\n<\/div>\n\n\n\n<div class=\"wp-block-column is-layout-flow wp-block-column-is-layout-flow\">\n<center>\n    <i class=\"fa-solid fa-2x fa-children\"><\/i>\n    <h5 class=\"m-0 p-2\">Jovenes<\/h5>\n    <h5 class=\"m-0 p-2\">5<\/h5>\n<\/center>\n<\/div>\n<\/div>\n\n\n\n<h4 class=\"wp-block-heading has-text-align-center mt-5\">Descripci\u00f3n<\/h4>\n\n\n\n<p>Es un reasentamiento ubicado en el \u00c1rea Metropolitana de San Salvador, en el sector conocido como Las Iberias Unidas conformada por las comunidades: La Naval, San Juan Bosco, Los Cocodrilos, Guadalcanal y La Independencia. En las Iberias Unidas se ha elaborado un plan parcial de desarrollo urbano progresivo para este sector, considerando aspectos sociales, urbanos, econ\u00f3micos y ambientales.&nbsp;<\/p>\n\n\n\n<p>Dentro de las primeras fases del plan se ha ejecutado el Proyecto Habitacional Los Cocodrilos, el cual ha sido dise\u00f1ado para ser ejecutado por etapas, la primera contempl\u00f3 la construcci\u00f3n de 45 apartamentos y 44 viviendas unifamiliares con obras de urbanizaci\u00f3n y la adecuaci\u00f3n de espacios p\u00fablicos de calidad, con una inversi\u00f3n de $2.64 millones, el 74% de los beneficiados son mujeres jefas de hogar, y son quienes tambi\u00e9n realizaron un ejemplar trabajo de ayuda mutua para la construcci\u00f3n de cuatro edificios habitacionales.\u00a0<\/p>\n\n\n\n<p>En las fases siguientes se atender\u00e1 a otro grupo de familias, haciendo un total de 195 apartamentos, con acceso a servicios esenciales y protegidos de riesgos ante fen\u00f3menos naturales, con una inversi\u00f3n que supera los $6.8 millones. Los recursos que se han utilizado para esta iniciativa provienen de la Uni\u00f3n Europea y forman parte de un paquete que ya est\u00e1 en ejecuci\u00f3n.<\/p>\n<\/div>\n<\/div>\n\n\n\n<h2 class=\"wp-block-heading has-text-align-center\">Fotogaler\u00eda<\/h2>\n\n\n<style type=\"text\/css\" scoped>.rbs_gallery_69d28dc673a56Spinner{\r\n\t\t\t\tmargin: 50px auto;\r\n\t\t\t\twidth: 50px;\r\n\t\t\t\theight: 40px;\r\n\t\t\t\ttext-align: center;\r\n\t\t\t\tfont-size: 10px;\r\n\t\t\t}\r\n\t\t\t.rbs_gallery_69d28dc673a56Spinner > div{\r\n\t\t\t  background-color: #333;\r\n\t\t\t  height: 100%;\r\n\t\t\t  width: 6px;\r\n\t\t\t  display: inline-block;\r\n\t\t\t  -webkit-animation: rbs_gallery_69d28dc673a56-stretchdelay 1.2s infinite ease-in-out;\r\n\t\t\t  animation: rbs_gallery_69d28dc673a56-stretchdelay 1.2s infinite ease-in-out;\r\n\t\t\t}\r\n\t\t\t.rbs_gallery_69d28dc673a56Spinner .rbs_gallery_69d28dc673a56Rect2 {\r\n\t\t\t  -webkit-animation-delay: -1.1s;\r\n\t\t\t  animation-delay: -1.1s;\r\n\t\t\t}\r\n\t\t\t.rbs_gallery_69d28dc673a56Spinner .rbs_gallery_69d28dc673a56Rect3 {\r\n\t\t\t  -webkit-animation-delay: -1.0s;\r\n\t\t\t  animation-delay: -1.0s;\r\n\t\t\t}\r\n\t\t\t.rbs_gallery_69d28dc673a56Spinner .rbs_gallery_69d28dc673a56Rect4 {\r\n\t\t\t  -webkit-animation-delay: -0.9s;\r\n\t\t\t  animation-delay: -0.9s;\r\n\t\t\t}\r\n\t\t\t.rbs_gallery_69d28dc673a56Spinner .rbs_gallery_69d28dc673a56Rect5 {\r\n\t\t\t  -webkit-animation-delay: -0.8s;\r\n\t\t\t  animation-delay: -0.8s;\r\n\t\t\t}\r\n\t\t\t@-webkit-keyframes rbs_gallery_69d28dc673a56-stretchdelay {\r\n\t\t\t  0%, 40%, 100% { -webkit-transform: scaleY(0.4) }  \r\n\t\t\t  20% { -webkit-transform: scaleY(1.0) }\r\n\t\t\t}\r\n\t\t\t@keyframes rbs_gallery_69d28dc673a56-stretchdelay {\r\n\t\t\t  0%, 40%, 100% { \r\n\t\t\t    transform: scaleY(0.4);\r\n\t\t\t    -webkit-transform: scaleY(0.4);\r\n\t\t\t  }  20% { \r\n\t\t\t    transform: scaleY(1.0);\r\n\t\t\t    -webkit-transform: scaleY(1.0);\r\n\t\t\t  }\r\n\t\t\t}\r\n\t\t.rbs_gallery_button {\r\ndisplay: none;\r\n}<\/style><div class=\"robo-gallery-wrap robo-gallery-wrap-id280 robo-gallery-grid\" ><div id=\"rbs_gallery_69d28dc673a56-block-loader\" class=\"rbs_gallery_69d28dc673a56Spinner\"><div class=\"rbs_gallery_69d28dc673a56Rect1\"><\/div> <div class=\"rbs_gallery_69d28dc673a56Rect2\"><\/div> <div class=\"rbs_gallery_69d28dc673a56Rect3\"><\/div> <div class=\"rbs_gallery_69d28dc673a56Rect4\"><\/div> <div class=\"rbs_gallery_69d28dc673a56Rect5\"><\/div><\/div><div id=\"robo_gallery_main_block_rbs_gallery_69d28dc673a56\" class=\"robogallery-gallery-280\" style=\"width:100%;margin:0 auto;  display: none;\"><div id=\"rbs_gallery_69d28dc673a56\" data-options=\"rbs_gallery_69d28dc673a56\" style=\"width:100%;\" class=\"robo_gallery  \"><div class=\"rbs-img  category280 \" ><div class=\"rbs-img-image   rbs-lightbox \" ><div class=\"rbs-img-thumbs\"  data-thumbnail=\"https:\/\/prea.vivienda.gob.sv\/wp-content\/uploads\/2023\/08\/fotos-cocodrilos_Mesa-de-trabajo-1-4.jpg\"  title=\"fotos cocodrilos_Mesa de trabajo 1\"  data-width=\"211\"  data-height=\"125\" ><\/div><div class=\"rbs-img-data-popup\"  data-popup=\"https:\/\/prea.vivienda.gob.sv\/wp-content\/uploads\/2023\/08\/fotos-cocodrilos_Mesa-de-trabajo-1-4.jpg\"  title=\"fotos cocodrilos_Mesa de trabajo 1\" ><\/div><div class=\"thumbnail-overlay\"><div class=\"rbsIcons\"><i class=\"fa fa-search-plus rbsZoomIcon \" ><\/i><\/div><\/div><\/div><\/div><div class=\"rbs-img  category280 \" ><div class=\"rbs-img-image   rbs-lightbox \" ><div class=\"rbs-img-thumbs\"  data-thumbnail=\"https:\/\/prea.vivienda.gob.sv\/wp-content\/uploads\/2023\/08\/fotos-cocodrilos-02-1.jpg\"  title=\"fotos cocodrilos-02\"  data-width=\"211\"  data-height=\"125\" ><\/div><div class=\"rbs-img-data-popup\"  data-popup=\"https:\/\/prea.vivienda.gob.sv\/wp-content\/uploads\/2023\/08\/fotos-cocodrilos-02-1.jpg\"  title=\"fotos cocodrilos-02\" ><\/div><div class=\"thumbnail-overlay\"><div class=\"rbsIcons\"><i class=\"fa fa-search-plus rbsZoomIcon \" ><\/i><\/div><\/div><\/div><\/div><div class=\"rbs-img  category280 \" ><div class=\"rbs-img-image   rbs-lightbox \" ><div class=\"rbs-img-thumbs\"  data-thumbnail=\"https:\/\/prea.vivienda.gob.sv\/wp-content\/uploads\/2023\/08\/fotos-cocodrilos-03.jpg\"  title=\"fotos cocodrilos-03\"  data-width=\"211\"  data-height=\"125\" ><\/div><div class=\"rbs-img-data-popup\"  data-popup=\"https:\/\/prea.vivienda.gob.sv\/wp-content\/uploads\/2023\/08\/fotos-cocodrilos-03.jpg\"  title=\"fotos cocodrilos-03\" ><\/div><div class=\"thumbnail-overlay\"><div class=\"rbsIcons\"><i class=\"fa fa-search-plus rbsZoomIcon \" ><\/i><\/div><\/div><\/div><\/div><div class=\"rbs-img  category280 \" ><div class=\"rbs-img-image   rbs-lightbox \" ><div class=\"rbs-img-thumbs\"  data-thumbnail=\"https:\/\/prea.vivienda.gob.sv\/wp-content\/uploads\/2023\/08\/fotos-cocodrilos-04-1.jpg\"  title=\"fotos cocodrilos-04\"  data-width=\"211\"  data-height=\"125\" ><\/div><div class=\"rbs-img-data-popup\"  data-popup=\"https:\/\/prea.vivienda.gob.sv\/wp-content\/uploads\/2023\/08\/fotos-cocodrilos-04-1.jpg\"  title=\"fotos cocodrilos-04\" ><\/div><div class=\"thumbnail-overlay\"><div class=\"rbsIcons\"><i class=\"fa fa-search-plus rbsZoomIcon \" ><\/i><\/div><\/div><\/div><\/div><div class=\"rbs-img  category280 \" ><div class=\"rbs-img-image   rbs-lightbox \" ><div class=\"rbs-img-thumbs\"  data-thumbnail=\"https:\/\/prea.vivienda.gob.sv\/wp-content\/uploads\/2023\/08\/fotos-cocodrilos-05-1.jpg\"  title=\"fotos cocodrilos-05\"  data-width=\"211\"  data-height=\"125\" ><\/div><div class=\"rbs-img-data-popup\"  data-popup=\"https:\/\/prea.vivienda.gob.sv\/wp-content\/uploads\/2023\/08\/fotos-cocodrilos-05-1.jpg\"  title=\"fotos cocodrilos-05\" ><\/div><div class=\"thumbnail-overlay\"><div class=\"rbsIcons\"><i class=\"fa fa-search-plus rbsZoomIcon \" ><\/i><\/div><\/div><\/div><\/div><div class=\"rbs-img  category280 \" ><div class=\"rbs-img-image   rbs-lightbox \" ><div class=\"rbs-img-thumbs\"  data-thumbnail=\"https:\/\/prea.vivienda.gob.sv\/wp-content\/uploads\/2023\/08\/fotos-cocodrilos-06-1.jpg\"  title=\"fotos cocodrilos-06\"  data-width=\"211\"  data-height=\"125\" ><\/div><div class=\"rbs-img-data-popup\"  data-popup=\"https:\/\/prea.vivienda.gob.sv\/wp-content\/uploads\/2023\/08\/fotos-cocodrilos-06-1.jpg\"  title=\"fotos cocodrilos-06\" ><\/div><div class=\"thumbnail-overlay\"><div class=\"rbsIcons\"><i class=\"fa fa-search-plus rbsZoomIcon \" ><\/i><\/div><\/div><\/div><\/div><div class=\"rbs-img  category280 \" ><div class=\"rbs-img-image   rbs-lightbox \" ><div class=\"rbs-img-thumbs\"  data-thumbnail=\"https:\/\/prea.vivienda.gob.sv\/wp-content\/uploads\/2023\/08\/fotos-cocodrilos-07-1.jpg\"  title=\"fotos cocodrilos-07\"  data-width=\"211\"  data-height=\"125\" ><\/div><div class=\"rbs-img-data-popup\"  data-popup=\"https:\/\/prea.vivienda.gob.sv\/wp-content\/uploads\/2023\/08\/fotos-cocodrilos-07-1.jpg\"  title=\"fotos cocodrilos-07\" ><\/div><div class=\"thumbnail-overlay\"><div class=\"rbsIcons\"><i class=\"fa fa-search-plus rbsZoomIcon \" ><\/i><\/div><\/div><\/div><\/div><div class=\"rbs-img  category280 \" ><div class=\"rbs-img-image   rbs-lightbox \" ><div class=\"rbs-img-thumbs\"  data-thumbnail=\"https:\/\/prea.vivienda.gob.sv\/wp-content\/uploads\/2023\/08\/fotos-cocodrilos-08-1.jpg\"  title=\"fotos cocodrilos-08\"  data-width=\"211\"  data-height=\"125\" ><\/div><div class=\"rbs-img-data-popup\"  data-popup=\"https:\/\/prea.vivienda.gob.sv\/wp-content\/uploads\/2023\/08\/fotos-cocodrilos-08-1.jpg\"  title=\"fotos cocodrilos-08\" ><\/div><div class=\"thumbnail-overlay\"><div class=\"rbsIcons\"><i class=\"fa fa-search-plus rbsZoomIcon \" ><\/i><\/div><\/div><\/div><\/div><div class=\"rbs-img  category280 \" ><div class=\"rbs-img-image   rbs-lightbox \" ><div class=\"rbs-img-thumbs\"  data-thumbnail=\"https:\/\/prea.vivienda.gob.sv\/wp-content\/uploads\/2023\/08\/fotos-cocodrilos-09-1.jpg\"  title=\"fotos cocodrilos-09\"  data-width=\"211\"  data-height=\"125\" ><\/div><div class=\"rbs-img-data-popup\"  data-popup=\"https:\/\/prea.vivienda.gob.sv\/wp-content\/uploads\/2023\/08\/fotos-cocodrilos-09-1.jpg\"  title=\"fotos cocodrilos-09\" ><\/div><div class=\"thumbnail-overlay\"><div class=\"rbsIcons\"><i class=\"fa fa-search-plus rbsZoomIcon \" ><\/i><\/div><\/div><\/div><\/div><div class=\"rbs-img  category280 \" ><div class=\"rbs-img-image   rbs-lightbox \" ><div class=\"rbs-img-thumbs\"  data-thumbnail=\"https:\/\/prea.vivienda.gob.sv\/wp-content\/uploads\/2023\/08\/fotos-cocodrilos-10-1.jpg\"  title=\"fotos cocodrilos-10\"  data-width=\"211\"  data-height=\"125\" ><\/div><div class=\"rbs-img-data-popup\"  data-popup=\"https:\/\/prea.vivienda.gob.sv\/wp-content\/uploads\/2023\/08\/fotos-cocodrilos-10-1.jpg\"  title=\"fotos cocodrilos-10\" ><\/div><div class=\"thumbnail-overlay\"><div class=\"rbsIcons\"><i class=\"fa fa-search-plus rbsZoomIcon \" ><\/i><\/div><\/div><\/div><\/div><div class=\"rbs-img  category280 \" ><div class=\"rbs-img-image   rbs-lightbox \" ><div class=\"rbs-img-thumbs\"  data-thumbnail=\"https:\/\/prea.vivienda.gob.sv\/wp-content\/uploads\/2023\/08\/fotos-cocodrilos-11-1.jpg\"  title=\"fotos cocodrilos-11\"  data-width=\"211\"  data-height=\"125\" ><\/div><div class=\"rbs-img-data-popup\"  data-popup=\"https:\/\/prea.vivienda.gob.sv\/wp-content\/uploads\/2023\/08\/fotos-cocodrilos-11-1.jpg\"  title=\"fotos cocodrilos-11\" ><\/div><div class=\"thumbnail-overlay\"><div class=\"rbsIcons\"><i class=\"fa fa-search-plus rbsZoomIcon \" ><\/i><\/div><\/div><\/div><\/div><div class=\"rbs-img  category280 \" ><div class=\"rbs-img-image   rbs-lightbox \" ><div class=\"rbs-img-thumbs\"  data-thumbnail=\"https:\/\/prea.vivienda.gob.sv\/wp-content\/uploads\/2023\/08\/fotos-cocodrilos-12-1.jpg\"  title=\"fotos cocodrilos-12\"  data-width=\"211\"  data-height=\"125\" ><\/div><div class=\"rbs-img-data-popup\"  data-popup=\"https:\/\/prea.vivienda.gob.sv\/wp-content\/uploads\/2023\/08\/fotos-cocodrilos-12-1.jpg\"  title=\"fotos cocodrilos-12\" ><\/div><div class=\"thumbnail-overlay\"><div class=\"rbsIcons\"><i class=\"fa fa-search-plus rbsZoomIcon \" ><\/i><\/div><\/div><\/div><\/div><div class=\"rbs-img  category280 \" ><div class=\"rbs-img-image   rbs-lightbox \" ><div class=\"rbs-img-thumbs\"  data-thumbnail=\"https:\/\/prea.vivienda.gob.sv\/wp-content\/uploads\/2023\/08\/fotos-cocodrilos-13-1.jpg\"  title=\"fotos cocodrilos-13\"  data-width=\"211\"  data-height=\"125\" ><\/div><div class=\"rbs-img-data-popup\"  data-popup=\"https:\/\/prea.vivienda.gob.sv\/wp-content\/uploads\/2023\/08\/fotos-cocodrilos-13-1.jpg\"  title=\"fotos cocodrilos-13\" ><\/div><div class=\"thumbnail-overlay\"><div class=\"rbsIcons\"><i class=\"fa fa-search-plus rbsZoomIcon \" ><\/i><\/div><\/div><\/div><\/div><div class=\"rbs-img  category280 \" ><div class=\"rbs-img-image   rbs-lightbox \" ><div class=\"rbs-img-thumbs\"  data-thumbnail=\"https:\/\/prea.vivienda.gob.sv\/wp-content\/uploads\/2023\/08\/fotos-cocodrilos-14-1.jpg\"  title=\"fotos cocodrilos-14\"  data-width=\"211\"  data-height=\"125\" ><\/div><div class=\"rbs-img-data-popup\"  data-popup=\"https:\/\/prea.vivienda.gob.sv\/wp-content\/uploads\/2023\/08\/fotos-cocodrilos-14-1.jpg\"  title=\"fotos cocodrilos-14\" ><\/div><div class=\"thumbnail-overlay\"><div class=\"rbsIcons\"><i class=\"fa fa-search-plus rbsZoomIcon \" ><\/i><\/div><\/div><\/div><\/div><div class=\"rbs-img  category280 \" ><div class=\"rbs-img-image   rbs-lightbox \" ><div class=\"rbs-img-thumbs\"  data-thumbnail=\"https:\/\/prea.vivienda.gob.sv\/wp-content\/uploads\/2023\/08\/fotos-cocodrilos-15-1.jpg\"  title=\"fotos cocodrilos-15\"  data-width=\"211\"  data-height=\"125\" ><\/div><div class=\"rbs-img-data-popup\"  data-popup=\"https:\/\/prea.vivienda.gob.sv\/wp-content\/uploads\/2023\/08\/fotos-cocodrilos-15-1.jpg\"  title=\"fotos cocodrilos-15\" ><\/div><div class=\"thumbnail-overlay\"><div class=\"rbsIcons\"><i class=\"fa fa-search-plus rbsZoomIcon \" ><\/i><\/div><\/div><\/div><\/div><div class=\"rbs-img  category280 \" ><div class=\"rbs-img-image   rbs-lightbox \" ><div class=\"rbs-img-thumbs\"  data-thumbnail=\"https:\/\/prea.vivienda.gob.sv\/wp-content\/uploads\/2023\/08\/fotos-cocodrilos-16-1.jpg\"  title=\"fotos cocodrilos-16\"  data-width=\"211\"  data-height=\"125\" ><\/div><div class=\"rbs-img-data-popup\"  data-popup=\"https:\/\/prea.vivienda.gob.sv\/wp-content\/uploads\/2023\/08\/fotos-cocodrilos-16-1.jpg\"  title=\"fotos cocodrilos-16\" ><\/div><div class=\"thumbnail-overlay\"><div class=\"rbsIcons\"><i class=\"fa fa-search-plus rbsZoomIcon \" ><\/i><\/div><\/div><\/div><\/div><div class=\"rbs-img  category280 \" ><div class=\"rbs-img-image   rbs-lightbox \" ><div class=\"rbs-img-thumbs\"  data-thumbnail=\"https:\/\/prea.vivienda.gob.sv\/wp-content\/uploads\/2023\/08\/fotos-cocodrilos-17-1.jpg\"  title=\"fotos cocodrilos-17\"  data-width=\"211\"  data-height=\"125\" ><\/div><div class=\"rbs-img-data-popup\"  data-popup=\"https:\/\/prea.vivienda.gob.sv\/wp-content\/uploads\/2023\/08\/fotos-cocodrilos-17-1.jpg\"  title=\"fotos cocodrilos-17\" ><\/div><div class=\"thumbnail-overlay\"><div class=\"rbsIcons\"><i class=\"fa fa-search-plus rbsZoomIcon \" ><\/i><\/div><\/div><\/div><\/div><div class=\"rbs-img  category280 \" ><div class=\"rbs-img-image   rbs-lightbox \" ><div class=\"rbs-img-thumbs\"  data-thumbnail=\"https:\/\/prea.vivienda.gob.sv\/wp-content\/uploads\/2023\/08\/fotos-cocodrilos-18-1.jpg\"  title=\"fotos cocodrilos-18\"  data-width=\"211\"  data-height=\"125\" ><\/div><div class=\"rbs-img-data-popup\"  data-popup=\"https:\/\/prea.vivienda.gob.sv\/wp-content\/uploads\/2023\/08\/fotos-cocodrilos-18-1.jpg\"  title=\"fotos cocodrilos-18\" ><\/div><div class=\"thumbnail-overlay\"><div class=\"rbsIcons\"><i class=\"fa fa-search-plus rbsZoomIcon \" ><\/i><\/div><\/div><\/div><\/div><div class=\"rbs-img  category280 \" ><div class=\"rbs-img-image   rbs-lightbox \" ><div class=\"rbs-img-thumbs\"  data-thumbnail=\"https:\/\/prea.vivienda.gob.sv\/wp-content\/uploads\/2023\/08\/fotos-cocodrilos-19-1.jpg\"  title=\"fotos cocodrilos-19\"  data-width=\"211\"  data-height=\"125\" ><\/div><div class=\"rbs-img-data-popup\"  data-popup=\"https:\/\/prea.vivienda.gob.sv\/wp-content\/uploads\/2023\/08\/fotos-cocodrilos-19-1.jpg\"  title=\"fotos cocodrilos-19\" ><\/div><div class=\"thumbnail-overlay\"><div class=\"rbsIcons\"><i class=\"fa fa-search-plus rbsZoomIcon \" ><\/i><\/div><\/div><\/div><\/div><div class=\"rbs-img  category280 \" ><div class=\"rbs-img-image   rbs-lightbox \" ><div class=\"rbs-img-thumbs\"  data-thumbnail=\"https:\/\/prea.vivienda.gob.sv\/wp-content\/uploads\/2023\/08\/fotos-cocodrilos-20-1.jpg\"  title=\"fotos cocodrilos-20\"  data-width=\"211\"  data-height=\"125\" ><\/div><div class=\"rbs-img-data-popup\"  data-popup=\"https:\/\/prea.vivienda.gob.sv\/wp-content\/uploads\/2023\/08\/fotos-cocodrilos-20-1.jpg\"  title=\"fotos cocodrilos-20\" ><\/div><div class=\"thumbnail-overlay\"><div class=\"rbsIcons\"><i class=\"fa fa-search-plus rbsZoomIcon \" ><\/i><\/div><\/div><\/div><\/div><\/div><\/div><\/div><script>var rbs_gallery_69d28dc673a56 = {\"version\":\"3.2.16\",\"id\":280,\"class\":\"id280\",\"roboGalleryDelay\":1000,\"mainContainer\":\"#robo_gallery_main_block_rbs_gallery_69d28dc673a56\",\"loadingContainer\":\"#rbs_gallery_69d28dc673a56-block-loader\",\"loadingContainerObj\":\"rbs_gallery_69d28dc673a56-block-loader\",\"columnWidth\":\"auto\",\"columns\":3,\"resolutions\":[{\"columnWidth\":\"auto\",\"columns\":3,\"maxWidth\":960},{\"columnWidth\":\"auto\",\"columns\":2,\"maxWidth\":650},{\"columnWidth\":\"auto\",\"columns\":1,\"maxWidth\":450}],\"hideTitle\":true,\"lightboxOptions\":{\"gallery\":{\"enabled\":true,\"tCounter\":\"%curr% of %total%\"}},\"overlayEffect\":\"direction-aware-fade\",\"boxesToLoadStart\":3,\"boxesToLoad\":8,\"LoadingWord\":\"Loading...\",\"loadMoreWord\":\"Load More\",\"noMoreEntriesWord\":\"No More Entries\",\"horizontalSpaceBetweenBoxes\":15,\"verticalSpaceBetweenBoxes\":15,\"lazyLoad\":0,\"wrapContainer\":\"#robo-gallery-wrap-rbs_gallery_69d28dc673a56\"};<\/script>\n","protected":false},"excerpt":{"rendered":"<div class=\"parrafos-blancos-letranegra\"><p>Beneficiados Familias 89 Mujeres 37 Hombres 15 Ni\u00f1os 46 Jovenes 5 Descripci\u00f3n Es un reasentamiento ubicado en el \u00c1rea Metropolitana de San Salvador, en el sector conocido como Las Iberias Unidas conformada por las comunidades: La Naval, San Juan Bosco, Los Cocodrilos, Guadalcanal y La Independencia. En las Iberias Unidas se ha elaborado un plan [&hellip;]<\/p>\n<\/div>","protected":false},"author":1,"featured_media":0,"parent":0,"menu_order":0,"comment_status":"closed","ping_status":"closed","template":"","meta":{"footnotes":""},"class_list":["post-146","page","type-page","status-publish","hentry"],"_links":{"self":[{"href":"https:\/\/prea.vivienda.gob.sv\/index.php?rest_route=\/wp\/v2\/pages\/146","targetHints":{"allow":["GET"]}}],"collection":[{"href":"https:\/\/prea.vivienda.gob.sv\/index.php?rest_route=\/wp\/v2\/pages"}],"about":[{"href":"https:\/\/prea.vivienda.gob.sv\/index.php?rest_route=\/wp\/v2\/types\/page"}],"author":[{"embeddable":true,"href":"https:\/\/prea.vivienda.gob.sv\/index.php?rest_route=\/wp\/v2\/users\/1"}],"replies":[{"embeddable":true,"href":"https:\/\/prea.vivienda.gob.sv\/index.php?rest_route=%2Fwp%2Fv2%2Fcomments&post=146"}],"version-history":[{"count":21,"href":"https:\/\/prea.vivienda.gob.sv\/index.php?rest_route=\/wp\/v2\/pages\/146\/revisions"}],"predecessor-version":[{"id":559,"href":"https:\/\/prea.vivienda.gob.sv\/index.php?rest_route=\/wp\/v2\/pages\/146\/revisions\/559"}],"wp:attachment":[{"href":"https:\/\/prea.vivienda.gob.sv\/index.php?rest_route=%2Fwp%2Fv2%2Fmedia&parent=146"}],"curies":[{"name":"wp","href":"https:\/\/api.w.org\/{rel}","templated":true}]}}